{"id":59,"date":"2021-10-03T07:09:51","date_gmt":"2021-10-03T07:09:51","guid":{"rendered":"https:\/\/safala.ro\/?page_id=59"},"modified":"2026-04-15T08:37:25","modified_gmt":"2026-04-15T05:37:25","slug":"povestea-noastra","status":"publish","type":"page","link":"https:\/\/www.safala.ro\/en\/povestea-noastra\/","title":{"rendered":"OUR STORY"},"content":{"rendered":"<div id=\"natura\" class=\"wp-block-columns are-vertically-aligned-center is-layout-flex wp-container-core-columns-is-layout-9d6595d7 wp-block-columns-is-layout-flex\">\r\n<div class=\"wp-block-column is-vertically-aligned-center is-layout-flow wp-block-column-is-layout-flow\" style=\"flex-basis: 33.33%;\">\r\n<figure class=\"wp-block-image size-full\">\r\n<p><img decoding=\"async\" class=\"wp-image-1524 size-medium\" src=\"https:\/\/www.safala.ro\/wp-content\/uploads\/2025\/10\/Poza-reprezentativa-300x200.jpg\" alt=\"Ferma organica Safala alune de padure si zmeura\" width=\"300\" height=\"200\" srcset=\"https:\/\/www.safala.ro\/wp-content\/uploads\/2025\/10\/Poza-reprezentativa-300x200.jpg 300w, https:\/\/www.safala.ro\/wp-content\/uploads\/2025\/10\/Poza-reprezentativa-1024x683.jpg 1024w, https:\/\/www.safala.ro\/wp-content\/uploads\/2025\/10\/Poza-reprezentativa-768x512.jpg 768w, https:\/\/www.safala.ro\/wp-content\/uploads\/2025\/10\/Poza-reprezentativa-18x12.jpg 18w, https:\/\/www.safala.ro\/wp-content\/uploads\/2025\/10\/Poza-reprezentativa-600x400.jpg 600w, https:\/\/www.safala.ro\/wp-content\/uploads\/2025\/10\/Poza-reprezentativa.jpg 1200w\" sizes=\"(max-width: 300px) 100vw, 300px\" \/><\/p>\r\n<\/figure>\r\n<\/div>\r\n\r\n\r\n\r\n<div class=\"wp-block-column is-vertically-aligned-center is-layout-flow wp-block-column-is-layout-flow\" style=\"flex-basis: 66.66%;\">\r\n<h2 class=\"wp-block-heading\">We cherish, love and safeguard nature<\/h2>\r\n\r\n\r\n\r\n<p>Suntem o familie t\u00e2n\u0103r\u0103 care am renun\u021bat la via\u021ba tumultoas\u0103 a marilor ora\u0219e pentru a tr\u0103i mai aproape de natur\u0103. E crezul de la care am pornit \u00een aceast\u0103 aventur\u0103 minunat\u0103. Am ales s\u0103 cultiv\u0103m fructe organic pentru senza\u021bia unic\u0103 de libertate \u0219i puterea de a produce cea mai sigur\u0103 \u0219i s\u0103n\u0103toas\u0103 hran\u0103 at\u00e2t pentru noi c\u00e2t \u0219i pentru cei ce vor duce mai departe visul nostru.<\/p>\r\n<p>Oana este sufletul acestui proiect, Ariana si Matei sunt tinerii care degust\u0103 primii re\u021betele concepute de mama lor Oana, iar Bogdan este inginerul horticol ce are grija de plante. \u00cempreun\u0103 suntem familia Lerescu \u0219i \u00ee\u021bi mul\u021bumim c\u0103 ne-ai trecut pragul virtual pentru a afla povestea noastr\u0103, pe scurt! Te a\u0219tept\u0103m \u00een livad\u0103 oric\u00e2nd\u00a0<\/p>\r\n<p>&nbsp;<\/p>\r\n<\/div>\r\n<\/div>\r\n\r\n\r\n\r\n<div id=\"pomicultura\" class=\"wp-block-columns is-layout-flex wp-container-core-columns-is-layout-9d6595d7 wp-block-columns-is-layout-flex\">\r\n<div class=\"wp-block-column is-vertically-aligned-center is-layout-flow wp-block-column-is-layout-flow\" style=\"flex-basis: 66.66%;\">\r\n<h2 class=\"wp-block-heading\" style=\"margin-bottom: 16px;\">Why did we choose organic crops?<\/h2>\r\n\r\n\r\n\r\n<p>Organic is not only avoiding the use of chemical synthesis products (pesticides, herbicides). It is an activity which is far more interesting, challenging and satisfying.<\/p>\r\n\r\n\r\n\r\n<p><br \/>In organic crops, we use means of promoting a complete, healthy, productive and durable crop environment.<\/p>\r\n\r\n\r\n\r\n<p><br \/>Undoubtedly, the link with nature is good for you, irrespective of the area in tillage. Clean air and physical workout improve your health.<\/p>\r\n\r\n\r\n\r\n<p><br \/>The pleasure to observe nature and the joy of the crop\u2019s success helps improve wellbeing. By choosing to grow organic crops, we are blessed with additional benefits: we support the environment by respecting and connecting with nature, we enjoy that fruit which provides us with a healthy diet.<\/p>\r\n<\/div>\r\n\r\n\r\n\r\n<div class=\"wp-block-column is-layout-flow wp-block-column-is-layout-flow\" style=\"flex-basis: 33.33%;\">\r\n<figure class=\"wp-block-image size-full\"><img decoding=\"async\" width=\"336\" height=\"407\" class=\"wp-image-63\" src=\"https:\/\/safala.ro\/wp-content\/uploads\/2021\/10\/hazelnuts-branch-hazel-closeup.png\" alt=\"\" srcset=\"https:\/\/www.safala.ro\/wp-content\/uploads\/2021\/10\/hazelnuts-branch-hazel-closeup.png 336w, https:\/\/www.safala.ro\/wp-content\/uploads\/2021\/10\/hazelnuts-branch-hazel-closeup-248x300.png 248w\" sizes=\"(max-width: 336px) 100vw, 336px\" \/><br \/><br \/><br \/><br \/><\/figure>\r\n<p>&nbsp;<\/p>\r\n<\/div>\r\n<\/div>\r\n\r\n\r\n\r\n<div id=\"procesare\" class=\"wp-block-columns are-vertically-aligned-center is-layout-flex wp-container-core-columns-is-layout-9d6595d7 wp-block-columns-is-layout-flex\">\r\n<div class=\"wp-block-column is-vertically-aligned-center is-layout-flow wp-block-column-is-layout-flow\" style=\"flex-basis: 33.33%;\">\r\n<figure class=\"wp-block-image size-full\">\r\n<p><a href=\"https:\/\/www.safala.ro\/en\/magazin\/\" target=\"_blank\" rel=\"noopener\"><img decoding=\"async\" class=\"alignnone wp-image-1534\" src=\"https:\/\/www.safala.ro\/wp-content\/uploads\/2021\/08\/227909083_4143470732395102_4694295747893745882_n.png\" alt=\"Alune coapte\" width=\"183\" height=\"407\" \/><\/a><\/p>\r\n<p>&nbsp;<\/p>\r\n<\/figure>\r\n<\/div>\r\n\r\n\r\n\r\n<div class=\"wp-block-column is-vertically-aligned-center is-layout-flow wp-block-column-is-layout-flow\" style=\"flex-basis: 66.66%;\">\r\n<h2 class=\"wp-block-heading\" style=\"margin-bottom: 16px;\">Processing Plant<\/h2>\r\n\r\n\r\n\r\n<p>\u00centr-o hal\u0103 nou construit\u0103 am dezvoltat de la zero o f\u0103bricu\u021b\u0103 modern\u0103 unde fructele noastre crescute cu dragoste sunt transformate cu mult\u0103 creativitate \u00een produse gourmet savuroase: dulce\u021buri, sucuri, unturi de alune, alune \u00eenvelite \u00een diferite cruste, toate 100% naturale \u0219i ecologice.<\/p>\r\n\r\n\r\n\r\n<p>Suntem tineri, pozitivi, energici, ambi\u021bio\u0219i \u0219i foarte hot\u0103r\u00e2\u021bi s\u0103 d\u0103m via\u021b\u0103 acestora, av\u00e2nd \u00een acela\u0219i timp grij\u0103 de tot ce ne \u00eenconjoar\u0103!<br \/>Aici e locul unde cre\u0219tem fructe cu dragoste!<\/p>\r\n<\/div>\r\n<\/div>\r\n\r\n\r\n\r\n<p>&nbsp;<\/p>","protected":false},"excerpt":{"rendered":"<p>Respect\u0103m, iubim \u0219i protej\u0103m natura Suntem o familie t\u00e2n\u0103r\u0103 care am renun\u021bat la via\u021ba tumultoas\u0103 a marilor ora\u0219e pentru a tr\u0103i mai aproape de natur\u0103. E crezul de la care am pornit \u00een aceast\u0103 aventur\u0103 minunat\u0103. Am ales s\u0103 cultiv\u0103m fructe organic pentru senza\u021bia unic\u0103 de libertate \u0219i puterea de a produce cea mai sigur\u0103 [&hellip;]<\/p>\n","protected":false},"author":2,"featured_media":68,"parent":0,"menu_order":0,"comment_status":"closed","ping_status":"closed","template":"","meta":{"_acf_changed":false,"_uag_custom_page_level_css":"","footnotes":""},"class_list":["post-59","page","type-page","status-publish","has-post-thumbnail","hentry"],"acf":[],"uagb_featured_image_src":{"full":["https:\/\/www.safala.ro\/wp-content\/uploads\/2021\/10\/Group-225.png",1920,300,false],"thumbnail":["https:\/\/www.safala.ro\/wp-content\/uploads\/2021\/10\/Group-225-150x150.png",150,150,true],"medium":["https:\/\/www.safala.ro\/wp-content\/uploads\/2021\/10\/Group-225-300x47.png",300,47,true],"medium_large":["https:\/\/www.safala.ro\/wp-content\/uploads\/2021\/10\/Group-225-768x120.png",768,120,true],"large":["https:\/\/www.safala.ro\/wp-content\/uploads\/2021\/10\/Group-225-1024x160.png",1024,160,true],"1536x1536":["https:\/\/www.safala.ro\/wp-content\/uploads\/2021\/10\/Group-225-1536x240.png",1536,240,true],"2048x2048":["https:\/\/www.safala.ro\/wp-content\/uploads\/2021\/10\/Group-225.png",1920,300,false],"trp-custom-language-flag":["https:\/\/www.safala.ro\/wp-content\/uploads\/2021\/10\/Group-225.png",18,3,false],"post-thumbnail":["https:\/\/www.safala.ro\/wp-content\/uploads\/2021\/10\/Group-225-825x300.png",825,300,true],"frontPage-banner":["https:\/\/www.safala.ro\/wp-content\/uploads\/2021\/10\/Group-225-580x250.png",580,250,true],"listing_blog":["https:\/\/www.safala.ro\/wp-content\/uploads\/2021\/10\/Group-225.png",770,120,false],"woocommerce_thumbnail":["https:\/\/www.safala.ro\/wp-content\/uploads\/2021\/10\/Group-225-280x280.png",280,280,true],"woocommerce_single":["https:\/\/www.safala.ro\/wp-content\/uploads\/2021\/10\/Group-225-600x94.png",600,94,true],"woocommerce_gallery_thumbnail":["https:\/\/www.safala.ro\/wp-content\/uploads\/2021\/10\/Group-225-100x100.png",100,100,true]},"uagb_author_info":{"display_name":"Baciu Iulian","author_link":"#"},"uagb_comment_info":0,"uagb_excerpt":"Respect\u0103m, iubim \u0219i protej\u0103m natura Suntem o familie t\u00e2n\u0103r\u0103 care am renun\u021bat la via\u021ba tumultoas\u0103 a marilor ora\u0219e pentru a tr\u0103i mai aproape de natur\u0103. E crezul de la care am pornit \u00een aceast\u0103 aventur\u0103 minunat\u0103. Am ales s\u0103 cultiv\u0103m fructe organic pentru senza\u021bia unic\u0103 de libertate \u0219i puterea de a produce cea mai sigur\u0103&hellip;","jetpack_sharing_enabled":true,"_links":{"self":[{"href":"https:\/\/www.safala.ro\/en\/wp-json\/wp\/v2\/pages\/59","targetHints":{"allow":["GET"]}}],"collection":[{"href":"https:\/\/www.safala.ro\/en\/wp-json\/wp\/v2\/pages"}],"about":[{"href":"https:\/\/www.safala.ro\/en\/wp-json\/wp\/v2\/types\/page"}],"author":[{"embeddable":true,"href":"https:\/\/www.safala.ro\/en\/wp-json\/wp\/v2\/users\/2"}],"replies":[{"embeddable":true,"href":"https:\/\/www.safala.ro\/en\/wp-json\/wp\/v2\/comments?post=59"}],"version-history":[{"count":0,"href":"https:\/\/www.safala.ro\/en\/wp-json\/wp\/v2\/pages\/59\/revisions"}],"wp:featuredmedia":[{"embeddable":true,"href":"https:\/\/www.safala.ro\/en\/wp-json\/wp\/v2\/media\/68"}],"wp:attachment":[{"href":"https:\/\/www.safala.ro\/en\/wp-json\/wp\/v2\/media?parent=59"}],"curies":[{"name":"wp","href":"https:\/\/api.w.org\/{rel}","templated":true}]}}